{"id":1947,"date":"2021-11-14T20:40:16","date_gmt":"2021-11-14T19:40:16","guid":{"rendered":"https:\/\/intemabio.com\/service\/"},"modified":"2023-07-25T12:05:00","modified_gmt":"2023-07-25T10:05:00","slug":"service","status":"publish","type":"page","link":"https:\/\/intemabio.com\/fr\/service\/","title":{"rendered":"Service"},"content":{"rendered":"<div class=\"wpb-content-wrapper\">[vc_row full_width=&#8221;container-null&#8221;][vc_column agro_disable_column=&#8221;yes&#8221;]<div id=\"hero\" class=\"nt-shortcode-hero jarallax section_69e888c803c7a vc_custom_1690278889090\" data-speed=\"0.7\" data-img-position=\"50% 80%\" data-res-css=\"          \"><div class=\"container\"><div class=\"row\"><div class=\"col-12 col-lg-7 \"><h1 class=\"__title\"><span>Intema BIO<\/span> SERVICES<\/h1><p class=\"nt-hero-desc\">Logistique, qualit\u00e9, \u00e9chantillonnage, stockage, conseil, etc. Dites-nous vos besoins et nous essaierons de vous aider \u00e0 les couvrir.<\/p><div class=\"shortcode-page-breadcrumbs breadcrumb\"><div class=\"nt-breadcrumbs\"><ul class=\"nt-breadcrumbs-list\"><li class=\"bitem\"><span><a class=\"breadcrumbs__link\" href=\"https:\/\/intemabio.com\/fr\/\"><span>Home<\/span><\/a><\/span><\/li><\/ul><\/div><\/div><\/div><\/div><\/div><\/div>[\/vc_column][\/vc_row][vc_row full_width=&#8221;container&#8221; 992_desc=&#8221;&#8221; 768_desc=&#8221;&#8221; 576_desc=&#8221;&#8221; css=&#8221;.vc_custom_1690279494941{margin-top: 100px !important;}&#8221;][vc_column agro_disable_column=&#8221;yes&#8221;][vc_column_text]<span lang=\"FR\"><span lang=\"FR\">Chez Intema , nous sommes fiers d&#8217;offrir une large gamme de services con\u00e7us pour r\u00e9pondre aux besoins uniques de nos clients du secteur agricole. Notre engagement envers la qualit\u00e9, l&#8217;efficacit\u00e9 et la satisfaction de nos clients nous pousse \u00e0 fournir des solutions personnalis\u00e9es et fiables \u00e0 chaque \u00e9tape de la cha\u00eene d&#8217;approvisionnement. <\/span><\/span>Voici quelques-uns des services que nous offrons :[\/vc_column_text]<div class=\"section section_69e888c8041d2\" data-res-css=\"       \"><div class=\"container\"><div class=\"section-heading section-heading--center\"><h2 class=\"__title\">Nos <span>Services<\/span><\/h2><\/div><div class=\"feature feature--style-2\"><div class=\"__inner\"><div class=\"row\"><div class=\"col-12 col-md-4 col-lg-4\"><div class=\"__item\"><i class=\"__ico\"><img decoding=\"async\" src=\"https:\/\/intemabio.com\/wp-content\/uploads\/2019\/02\/6.png\" class=\"img-fluid\" alt=\"6.png\"><\/i><h5 class=\"__title\">Logistique<\/h5><p>Nous comprenons que le transport et la distribution de produits agricoles peuvent pr\u00e9senter des d\u00e9fis uniques pour chaque client. Pour cette raison, nous nous sp\u00e9cialisons dans l'offre de services logistiques adapt\u00e9s aux besoins individuels de chaque entreprise. Que vous ayez besoin d'envois urgents, de transport r\u00e9frig\u00e9r\u00e9 ou d'une gestion logistique compl\u00e8te, nous nous assurerons de trouver la solution la plus efficace et la plus fiable pour votre entreprise. Nous travaillons en \u00e9troite collaboration avec un r\u00e9seau de partenaires de transport fiables pour nous assurer que vos produits arrivent \u00e0 temps et en parfait \u00e9tat.<\/p><\/div><\/div><div class=\"col-12 col-md-4 col-lg-4\"><div class=\"__item\"><i class=\"__ico\"><img decoding=\"async\" src=\"https:\/\/intemabio.com\/wp-content\/uploads\/2019\/02\/2.png\" class=\"img-fluid\" alt=\"2.png\"><\/i><h5 class=\"__title\">Qualit\u00e9<\/h5><p>Chez Intema , la qualit\u00e9 est l'un de nos piliers fondamentaux. Nous mettons en \u0153uvre un contr\u00f4le de qualit\u00e9 rigoureux \u00e0 toutes les \u00e9tapes de la cha\u00eene d'approvisionnement et respectons strictement les normes de s\u00e9curit\u00e9 alimentaire. Nous collaborons avec des laboratoires accr\u00e9dit\u00e9s qui nous permettent de r\u00e9aliser des analyses et des tests exhaustifs pour garantir l'excellence de nos produits. Notre engagement envers la qualit\u00e9 nous permet d'offrir \u00e0 chaque client la tranquillit\u00e9 d'esprit de recevoir des produits agricoles de la plus haute qualit\u00e9 et s\u00e9curit\u00e9.<\/p><\/div><\/div><div class=\"col-12 col-md-4 col-lg-4\"><div class=\"__item\"><i class=\"__ico\"><img decoding=\"async\" src=\"https:\/\/intemabio.com\/wp-content\/uploads\/2019\/02\/3.png\" class=\"img-fluid\" alt=\"3.png\"><\/i><h5 class=\"__title\">\u00c9chantillonnage<\/h5><p>L'\u00e9chantillonnage est une partie cruciale de notre processus de contr\u00f4le de la qualit\u00e9. Chez Intema , nous comprenons l'importance de garantir la qualit\u00e9 et la tra\u00e7abilit\u00e9 de chaque lot de produits agricoles. Pour cette raison, nous proc\u00e9dons \u00e0 un pr\u00e9l\u00e8vement d\u2019\u00e9chantillons rigoureux et continu de tous les lots avec lesquels nous travaillons. Notre \u00e9quipe de professionnels experts pr\u00e9l\u00e8ve des \u00e9chantillons repr\u00e9sentatifs et les soumet \u00e0 des contr\u00f4les de qualit\u00e9 et \u00e0 des analyses exhaustives, s'assurant que chaque lot r\u00e9pond aux normes requises. Cela nous permet de suivre et de documenter la qualit\u00e9 de nos produits depuis leur origine jusqu'\u00e0 leur livraison finale.<\/p><\/div><\/div><div class=\"col-12 col-md-4 col-lg-4\"><div class=\"__item\"><i class=\"__ico\"><img decoding=\"async\" src=\"https:\/\/intemabio.com\/wp-content\/uploads\/2019\/02\/ico_count_3-2.png\" class=\"img-fluid\" alt=\"ico_count_3-2.png\"><\/i><h5 class=\"__title\">Stockage<\/h5><p>Afin de fournir un service complet, nous disposons d'une capacit\u00e9 de stockage \u00e0 la demande de nos clients. Nous comprenons qu'il peut y avoir des fluctuations de la demande ou du d\u00e9lai de commercialisation des produits agricoles, c'est pourquoi nous proposons des solutions de stockage flexibles. Nous disposons d'installations modernes et ad\u00e9quates pour le stockage des produits agricoles, garantissant leur conservation et pr\u00e9servant leur qualit\u00e9 jusqu'\u00e0 leur distribution. Notre \u00e9quipe est charg\u00e9e de g\u00e9rer efficacement les inventaires et d'assurer une rotation correcte des produits pour maintenir leur fra\u00eecheur et leur valeur nutritionnelle.<\/p><\/div><\/div><div class=\"col-12 col-md-4 col-lg-4\"><div class=\"__item\"><i class=\"__ico\"><img decoding=\"async\" src=\"https:\/\/intemabio.com\/wp-content\/uploads\/2019\/02\/5.png\" class=\"img-fluid\" alt=\"5.png\"><\/i><h5 class=\"__title\">Activit\u00e9 conseil<\/h5><p>Chez Intema , nous ne nous consacrons pas seulement \u00e0 la commercialisation des produits agricoles, mais nous sommes \u00e9galement fiers d'offrir un solide service-conseil \u00e0 nos clients et fournisseurs. Nous reconnaissons que le succ\u00e8s dans le secteur agricole va au-del\u00e0 de la simple transaction commerciale, c'est pourquoi notre \u00e9quipe d'experts est form\u00e9e pour fournir des conseils dans divers domaines. Que vous ayez besoin d'orientation sur les strat\u00e9gies marketing, de conseils sur les techniques de culture, d'optimisation des processus logistiques ou de garantir la qualit\u00e9 de vos produits, nous sommes l\u00e0 pour vous aider et vous accompagner \u00e0 toutes les \u00e9tapes de votre activit\u00e9 agricole. Notre engagement est de fournir des solutions personnalis\u00e9es et une assistance professionnelle pour vous aider \u00e1 atteindre vos objectifs.<\/p><\/div><\/div><\/div><\/div><\/div><\/div><\/div>[\/vc_column][\/vc_row][vc_row full_width=&#8221;container-stretch&#8221; css=&#8221;.vc_custom_1549793698307{padding-bottom: 124px !important;}&#8221; agro_md_css=&#8221;.vc_custom_1549793698316{padding-bottom: 84px !important;}&#8221; el_class=&#8221;section section&#8211;dark-bg&#8221; agro_sm_css=&#8221;.vc_custom_1549793698317{padding-bottom: 54px !important;}&#8221;][vc_column el_class=&#8221;section-heading&#8211;white&#8221;]<div class=\"section-heading section-heading--center item_69e888c804a2f\" data-res-css=\"     \" data-aos=\"fade\"><h2 class=\"__title\">VOUS VOULEZ EN SAVOIR PLUS SUR NOS SERVICES <span>RENSEIGNEZ-VOUS<\/span><\/h2><p>Remplissez le formulaire et nous vous contacterons dans les plus brefs d\u00e9lais<\/p><\/div>\n<div class=\"wpcf7 no-js\" id=\"wpcf7-f1965-o1\" lang=\"fr-FR\" dir=\"ltr\">\n<div class=\"screen-reader-response\"><p role=\"status\" aria-live=\"polite\" aria-atomic=\"true\"><\/p> <ul><\/ul><\/div>\n<form action=\"\/fr\/wp-json\/wp\/v2\/pages\/1947#wpcf7-f1965-o1\" method=\"post\" class=\"wpcf7-form init\" aria-label=\"Formulaire de contact\" novalidate=\"novalidate\" data-status=\"init\">\n<div style=\"display: none;\">\n<input type=\"hidden\" name=\"_wpcf7\" value=\"1965\" \/>\n<input type=\"hidden\" name=\"_wpcf7_version\" value=\"5.9.3\" \/>\n<input type=\"hidden\" name=\"_wpcf7_locale\" value=\"fr_FR\" \/>\n<input type=\"hidden\" name=\"_wpcf7_unit_tag\" value=\"wpcf7-f1965-o1\" \/>\n<input type=\"hidden\" name=\"_wpcf7_container_post\" value=\"0\" \/>\n<input type=\"hidden\" name=\"_wpcf7_posted_data_hash\" value=\"\" \/>\n<input type=\"hidden\" name=\"_wpcf7_recaptcha_response\" value=\"\" \/>\n<\/div>\n<div class=\"contact-form js-contact-form\" data-aos=\"fade\">\n\t<div class=\"row\">\n\t\t<div class=\"col-12 col-md-6\">\n\t\t\t<div class=\"input-wrp\">\n\t\t\t\t<p><span class=\"wpcf7-form-control-wrap\" data-name=\"text-219\"><input size=\"40\" class=\"wpcf7-form-control wpcf7-text wpcf7-validates-as-required textfield\" aria-required=\"true\" aria-invalid=\"false\" placeholder=\"Entreprise\" value=\"\" type=\"text\" name=\"text-219\" \/><\/span>\n\t\t\t\t<\/p>\n\t\t\t<\/div>\n\t\t<\/div>\n\t\t<div class=\"col-12 col-md-6\">\n\t\t\t<div class=\"input-wrp\">\n\t\t\t\t<p><span class=\"wpcf7-form-control-wrap\" data-name=\"text-220\"><input size=\"40\" class=\"wpcf7-form-control wpcf7-text wpcf7-validates-as-required textfield\" aria-required=\"true\" aria-invalid=\"false\" placeholder=\"Nom\" value=\"\" type=\"text\" name=\"text-220\" \/><\/span>\n\t\t\t\t<\/p>\n\t\t\t<\/div>\n\t\t<\/div>\n\t<\/div>\n\t<div class=\"row\">\n\t\t<div class=\"col-12 col-md-6\">\n\t\t\t<div class=\"input-wrp\">\n\t\t\t\t<p><span class=\"wpcf7-form-control-wrap\" data-name=\"text-787\"><input size=\"40\" class=\"wpcf7-form-control wpcf7-text wpcf7-validates-as-required textfield\" aria-required=\"true\" aria-invalid=\"false\" placeholder=\"E-mail\" value=\"\" type=\"text\" name=\"text-787\" \/><\/span>\n\t\t\t\t<\/p>\n\t\t\t<\/div>\n\t\t<\/div>\n\t\t<div class=\"col-12 col-md-6\">\n\t\t\t<div class=\"input-wrp\">\n\t\t\t\t<p><span class=\"wpcf7-form-control-wrap\" data-name=\"tel-708\"><input size=\"40\" class=\"wpcf7-form-control wpcf7-tel wpcf7-text wpcf7-validates-as-tel textfield\" aria-invalid=\"false\" placeholder=\"T\u00e9l\u00e9phone\" value=\"\" type=\"tel\" name=\"tel-708\" \/><\/span>\n\t\t\t\t<\/p>\n\t\t\t<\/div>\n\t\t<\/div>\n\t<\/div>\n\t<div class=\"input-wrp\">\n\t\t<p><span class=\"wpcf7-form-control-wrap\" data-name=\"textarea-212\"><textarea cols=\"10\" rows=\"2\" class=\"wpcf7-form-control wpcf7-textarea wpcf7-validates-as-required textfield\" aria-required=\"true\" aria-invalid=\"false\" placeholder=\"Commentaires\" name=\"textarea-212\"><\/textarea><\/span>\n\t\t<\/p>\n\t<\/div>\n\t<div class=\"input-wrp\">\n\t\t<p><span class=\"wpcf7-form-control-wrap\" data-name=\"acceptance-864\"><span class=\"wpcf7-form-control wpcf7-acceptance\"><span class=\"wpcf7-list-item\"><input type=\"checkbox\" name=\"acceptance-864\" value=\"1\" aria-invalid=\"false\" \/><\/span><\/span><\/span> J'ai lu et j'accepte la <a href=\"https:\/\/intemabio.com\/politica-de-privacidad\/\">politique de confidentialit\u00e9<\/a>\n\t\t<\/p>\n\t<\/div>\n\t<p><input class=\"wpcf7-form-control wpcf7-submit has-spinner custom-btn custom-btn--medium custom-btn--style-3 wide\" type=\"submit\" value=\"Enviar\" \/>\n\t<\/p>\n<\/div><div class=\"wpcf7-response-output\" aria-hidden=\"true\"><\/div>\n<\/form>\n<\/div>\n[\/vc_column][\/vc_row]\n<\/div>","protected":false},"excerpt":{"rendered":"<p>[vc_row full_width=&#8221;container-null&#8221;][vc_column agro_disable_column=&#8221;yes&#8221;][\/vc_column][\/vc_row][vc_row full_width=&#8221;container&#8221; 992_desc=&#8221;&#8221; 768_desc=&#8221;&#8221; 576_desc=&#8221;&#8221; css=&#8221;.vc_custom_1690279494941{margin-top: 100px !important;}&#8221;][vc_column agro_disable_column=&#8221;yes&#8221;][vc_column_text]Chez Intema , nous sommes fiers d&#8217;offrir une large gamme de services con\u00e7us pour r\u00e9pondre aux besoins uniques de nos clients du secteur agricole. Notre engagement envers la qualit\u00e9, l&#8217;efficacit\u00e9 et la satisfaction de nos clients nous pousse \u00e0 fournir des solutions personnalis\u00e9es et fiables&#8230;<\/p>\n","protected":false},"author":1,"featured_media":0,"parent":0,"menu_order":0,"comment_status":"closed","ping_status":"closed","template":"custom-page.php","meta":{"_joinchat":[],"footnotes":""},"yoast_head":"<!-- This site is optimized with the Yoast SEO plugin v22.5 - https:\/\/yoast.com\/wordpress\/plugins\/seo\/ -->\n<title>Service - Intemabio<\/title>\n<meta name=\"description\" content=\"Les diff\u00e9rents services que nous proposons chez Intemabio sont la logistique, l&#039;\u00e9chantillonnage, le stockage et le conseil, entre autres.\" \/>\n<meta name=\"robots\" content=\"index, follow, max-snippet:-1, max-image-preview:large, max-video-preview:-1\" \/>\n<link rel=\"canonical\" href=\"https:\/\/intemabio.com\/fr\/service\/\" \/>\n<meta property=\"og:locale\" content=\"fr_FR\" \/>\n<meta property=\"og:type\" content=\"article\" \/>\n<meta property=\"og:title\" content=\"Service - Intemabio\" \/>\n<meta property=\"og:description\" content=\"Les diff\u00e9rents services que nous proposons chez Intemabio sont la logistique, l&#039;\u00e9chantillonnage, le stockage et le conseil, entre autres.\" \/>\n<meta property=\"og:url\" content=\"https:\/\/intemabio.com\/fr\/service\/\" \/>\n<meta property=\"og:site_name\" content=\"Intemabio\" \/>\n<meta property=\"article:publisher\" content=\"https:\/\/www.facebook.com\/Intema.Bio\/\" \/>\n<meta property=\"article:modified_time\" content=\"2023-07-25T10:05:00+00:00\" \/>\n<meta name=\"twitter:card\" content=\"summary_large_image\" \/>\n<meta name=\"twitter:label1\" content=\"Dur\u00e9e de lecture estim\u00e9e\" \/>\n\t<meta name=\"twitter:data1\" content=\"5 minutes\" \/>\n<script type=\"application\/ld+json\" class=\"yoast-schema-graph\">{\"@context\":\"https:\/\/schema.org\",\"@graph\":[{\"@type\":\"WebPage\",\"@id\":\"https:\/\/intemabio.com\/fr\/service\/\",\"url\":\"https:\/\/intemabio.com\/fr\/service\/\",\"name\":\"Service - Intemabio\",\"isPartOf\":{\"@id\":\"https:\/\/intemabio.com\/fr\/#website\"},\"datePublished\":\"2021-11-14T19:40:16+00:00\",\"dateModified\":\"2023-07-25T10:05:00+00:00\",\"description\":\"Les diff\u00e9rents services que nous proposons chez Intemabio sont la logistique, l'\u00e9chantillonnage, le stockage et le conseil, entre autres.\",\"breadcrumb\":{\"@id\":\"https:\/\/intemabio.com\/fr\/service\/#breadcrumb\"},\"inLanguage\":\"fr-FR\",\"potentialAction\":[{\"@type\":\"ReadAction\",\"target\":[\"https:\/\/intemabio.com\/fr\/service\/\"]}]},{\"@type\":\"BreadcrumbList\",\"@id\":\"https:\/\/intemabio.com\/fr\/service\/#breadcrumb\",\"itemListElement\":[{\"@type\":\"ListItem\",\"position\":1,\"name\":\"Portada\",\"item\":\"https:\/\/intemabio.com\/fr\/\"},{\"@type\":\"ListItem\",\"position\":2,\"name\":\"Service\"}]},{\"@type\":\"WebSite\",\"@id\":\"https:\/\/intemabio.com\/fr\/#website\",\"url\":\"https:\/\/intemabio.com\/fr\/\",\"name\":\"Intemabio\",\"description\":\"Produits biologiques - La s\u00e9lection des meilleures mati\u00e8res premi\u00e8res biologiques pour votre entreprise.\",\"publisher\":{\"@id\":\"https:\/\/intemabio.com\/fr\/#organization\"},\"potentialAction\":[{\"@type\":\"SearchAction\",\"target\":{\"@type\":\"EntryPoint\",\"urlTemplate\":\"https:\/\/intemabio.com\/fr\/?s={search_term_string}\"},\"query-input\":\"required name=search_term_string\"}],\"inLanguage\":\"fr-FR\"},{\"@type\":\"Organization\",\"@id\":\"https:\/\/intemabio.com\/fr\/#organization\",\"name\":\"Intemabio\",\"url\":\"https:\/\/intemabio.com\/fr\/\",\"logo\":{\"@type\":\"ImageObject\",\"inLanguage\":\"fr-FR\",\"@id\":\"https:\/\/intemabio.com\/fr\/#\/schema\/logo\/image\/\",\"url\":\"https:\/\/intemabio.com\/wp-content\/uploads\/2021\/09\/intema-logo2.png\",\"contentUrl\":\"https:\/\/intemabio.com\/wp-content\/uploads\/2021\/09\/intema-logo2.png\",\"width\":300,\"height\":327,\"caption\":\"Intemabio\"},\"image\":{\"@id\":\"https:\/\/intemabio.com\/fr\/#\/schema\/logo\/image\/\"},\"sameAs\":[\"https:\/\/www.facebook.com\/Intema.Bio\/\",\"https:\/\/es.linkedin.com\/in\/intemabio-intemabio-03678250\"]}]}<\/script>\n<!-- \/ Yoast SEO plugin. -->","yoast_head_json":{"title":"Service - Intemabio","description":"Les diff\u00e9rents services que nous proposons chez Intemabio sont la logistique, l'\u00e9chantillonnage, le stockage et le conseil, entre autres.","robots":{"index":"index","follow":"follow","max-snippet":"max-snippet:-1","max-image-preview":"max-image-preview:large","max-video-preview":"max-video-preview:-1"},"canonical":"https:\/\/intemabio.com\/fr\/service\/","og_locale":"fr_FR","og_type":"article","og_title":"Service - Intemabio","og_description":"Les diff\u00e9rents services que nous proposons chez Intemabio sont la logistique, l'\u00e9chantillonnage, le stockage et le conseil, entre autres.","og_url":"https:\/\/intemabio.com\/fr\/service\/","og_site_name":"Intemabio","article_publisher":"https:\/\/www.facebook.com\/Intema.Bio\/","article_modified_time":"2023-07-25T10:05:00+00:00","twitter_card":"summary_large_image","twitter_misc":{"Dur\u00e9e de lecture estim\u00e9e":"5 minutes"},"schema":{"@context":"https:\/\/schema.org","@graph":[{"@type":"WebPage","@id":"https:\/\/intemabio.com\/fr\/service\/","url":"https:\/\/intemabio.com\/fr\/service\/","name":"Service - Intemabio","isPartOf":{"@id":"https:\/\/intemabio.com\/fr\/#website"},"datePublished":"2021-11-14T19:40:16+00:00","dateModified":"2023-07-25T10:05:00+00:00","description":"Les diff\u00e9rents services que nous proposons chez Intemabio sont la logistique, l'\u00e9chantillonnage, le stockage et le conseil, entre autres.","breadcrumb":{"@id":"https:\/\/intemabio.com\/fr\/service\/#breadcrumb"},"inLanguage":"fr-FR","potentialAction":[{"@type":"ReadAction","target":["https:\/\/intemabio.com\/fr\/service\/"]}]},{"@type":"BreadcrumbList","@id":"https:\/\/intemabio.com\/fr\/service\/#breadcrumb","itemListElement":[{"@type":"ListItem","position":1,"name":"Portada","item":"https:\/\/intemabio.com\/fr\/"},{"@type":"ListItem","position":2,"name":"Service"}]},{"@type":"WebSite","@id":"https:\/\/intemabio.com\/fr\/#website","url":"https:\/\/intemabio.com\/fr\/","name":"Intemabio","description":"Produits biologiques - La s\u00e9lection des meilleures mati\u00e8res premi\u00e8res biologiques pour votre entreprise.","publisher":{"@id":"https:\/\/intemabio.com\/fr\/#organization"},"potentialAction":[{"@type":"SearchAction","target":{"@type":"EntryPoint","urlTemplate":"https:\/\/intemabio.com\/fr\/?s={search_term_string}"},"query-input":"required name=search_term_string"}],"inLanguage":"fr-FR"},{"@type":"Organization","@id":"https:\/\/intemabio.com\/fr\/#organization","name":"Intemabio","url":"https:\/\/intemabio.com\/fr\/","logo":{"@type":"ImageObject","inLanguage":"fr-FR","@id":"https:\/\/intemabio.com\/fr\/#\/schema\/logo\/image\/","url":"https:\/\/intemabio.com\/wp-content\/uploads\/2021\/09\/intema-logo2.png","contentUrl":"https:\/\/intemabio.com\/wp-content\/uploads\/2021\/09\/intema-logo2.png","width":300,"height":327,"caption":"Intemabio"},"image":{"@id":"https:\/\/intemabio.com\/fr\/#\/schema\/logo\/image\/"},"sameAs":["https:\/\/www.facebook.com\/Intema.Bio\/","https:\/\/es.linkedin.com\/in\/intemabio-intemabio-03678250"]}]}},"_links":{"self":[{"href":"https:\/\/intemabio.com\/fr\/wp-json\/wp\/v2\/pages\/1947"}],"collection":[{"href":"https:\/\/intemabio.com\/fr\/wp-json\/wp\/v2\/pages"}],"about":[{"href":"https:\/\/intemabio.com\/fr\/wp-json\/wp\/v2\/types\/page"}],"author":[{"embeddable":true,"href":"https:\/\/intemabio.com\/fr\/wp-json\/wp\/v2\/users\/1"}],"replies":[{"embeddable":true,"href":"https:\/\/intemabio.com\/fr\/wp-json\/wp\/v2\/comments?post=1947"}],"version-history":[{"count":10,"href":"https:\/\/intemabio.com\/fr\/wp-json\/wp\/v2\/pages\/1947\/revisions"}],"predecessor-version":[{"id":2182,"href":"https:\/\/intemabio.com\/fr\/wp-json\/wp\/v2\/pages\/1947\/revisions\/2182"}],"wp:attachment":[{"href":"https:\/\/intemabio.com\/fr\/wp-json\/wp\/v2\/media?parent=1947"}],"curies":[{"name":"wp","href":"https:\/\/api.w.org\/{rel}","templated":true}]}}