{"id":1423,"date":"2021-11-12T14:15:40","date_gmt":"2021-11-12T13:15:40","guid":{"rendered":"https:\/\/intemabio.com\/quality\/"},"modified":"2023-08-10T10:35:25","modified_gmt":"2023-08-10T08:35:25","slug":"quality","status":"publish","type":"page","link":"https:\/\/intemabio.com\/en\/quality\/","title":{"rendered":"Quality Certificates"},"content":{"rendered":"<div class=\"wpb-content-wrapper\">[vc_row full_width=&#8221;container-null&#8221;][vc_column agro_disable_column=&#8221;yes&#8221;]<div id=\"hero\" class=\"nt-shortcode-hero jarallax section_69e8a3248d4e0 vc_custom_1691607493517\" data-speed=\"0.7\" data-img-position=\"50% 80%\" data-res-css=\"          \"><div class=\"container\"><div class=\"row\"><div class=\"col-12 col-lg-7 \"><h1 class=\"__title\"><span>CERTIFIED<\/span> QUALITY<\/h1><p class=\"nt-hero-desc\">Our strong point, quality control and food safety.<\/p><div class=\"shortcode-page-breadcrumbs breadcrumb\"><div class=\"nt-breadcrumbs\"><ul class=\"nt-breadcrumbs-list\"><li class=\"bitem\"><span><a class=\"breadcrumbs__link\" href=\"https:\/\/intemabio.com\/en\/\"><span>Home<\/span><\/a><\/span><\/li><\/ul><\/div><\/div><\/div><\/div><\/div><\/div>[\/vc_column][\/vc_row][vc_row full_width=&#8221;container-null&#8221;][vc_column agro_disable_column=&#8221;yes&#8221;]<div class=\"section item_69e8a3248d99b\" data-res-css=\"     \"><div class=\"container\"><div class=\"row justify-content-xl-between\"><div class=\"col-12 col-lg col-xl-7\"><h2 class=\"info-heading\">INTEMA BIO <span>ORGANIC PRODUCTS<\/span><\/h2>IntemaBio we are specialized <strong>exclusively in certified organic products<\/strong>.<br \/>\nWe are certified by the official control agency in Catalonia, which is the <strong>CCPAE (Consell Catal\u00e0 de Producci\u00f3 Agr\u00e0ria Ecol\u00f2gica)<\/strong>, with control authority code ES-ECO-019-CT.<\/p>\n<p>The quality of our products is paramount and very important to us. We take all preventive controls very seriously to <strong>guarantee the quality and safety of raw materials<\/strong> and to significantly comply with the food safety systems of all our products.<\/div><div class=\"col-12 my-3 d-lg-none\"><\/div><div class=\"col-12 col-lg-auto  text-center\"><img decoding=\"async\" src=\"https:\/\/intemabio.com\/wp-content\/uploads\/2019\/02\/img_5.png\" class=\"img-fluid\" alt=\"Productos org\u00e1nicos - Saco de cereales\"><\/div><\/div><\/div><\/div>[vc_row_inner css=&#8221;.vc_custom_1632254252768{margin-right: 15% !important;margin-left: 15% !important;}&#8221;][vc_column_inner width=&#8221;1\/2&#8243;][vc_single_image image=&#8221;1345&#8243; img_size=&#8221;full&#8221;][\/vc_column_inner][vc_column_inner width=&#8221;1\/2&#8243;][vc_column_text]\n<p style=\"font-weight: 400;\">We also have the<strong> GMP+FSA certification<\/strong>, highly valued internationally in the feed sector, a very demanding <strong>quality and food safety system<\/strong>, based on complete risk analyses (HACCP), in which <strong>food safety<\/strong> is ensured throughout the supply chain.<\/p>\n<p style=\"font-weight: 400;\">We base our<strong> food safety system<\/strong> mainly on prevention, carrying out regular controls following the<strong> established protocols<\/strong>, such as:<\/p>\n<ul>\n<li><strong>Supplier control<br \/>\n<\/strong>It is critical to ensure that food suppliers meet established quality and safety standards. This involves carefully evaluating and selecting suppliers, verifying their certifications, and conducting regular audits to ensure they are upholding proper food safety practices.<\/li>\n<li>\n<p style=\"font-weight: 400;\"><strong>Control and supervision of product storage<br \/>\n<\/strong>Proper food storage is essential to prevent contamination and spoilage. This implies establishing adequate temperature, humidity and time conditions for each type of food, as well as maintaining an adequate rotation of the products to avoid expiration.<\/p>\n<\/li>\n<li>\n<p style=\"font-weight: 400;\"><strong>Traceability<br \/>\n<\/strong>Traceability refers to the ability to trace the movement of a food product throughout the entire supply chain, from its origin to its destination. This involves keeping detailed records to identify suppliers, product batches, and distribution destinations.<\/p>\n<\/li>\n<li>\n<p style=\"font-weight: 400;\"><strong>Risk analysis and prevention<br \/>\n<\/strong>Hazard Analysis and Critical Control Points (HACCP) is a preventive system that identifies, evaluates, and controls significant hazards for food safety. It consists of identifying the critical control points in the food production process and establishing preventive measures to guarantee safety.<\/p>\n<\/li>\n<li>\n<p style=\"font-weight: 400;\"><strong>Sampling and Complete Analytics<br \/>\n<\/strong>Sampling and analysis are an integral part of a food safety system. Regular tests and analyses are carried out to detect the presence of contaminants, harmful microorganisms, or other potential health risks in food.<\/p>\n<\/li>\n<li>\n<p style=\"font-weight: 400;\"><strong>Continuous staff training<br \/>\n<\/strong>It is essential to provide regular education and training to all personnel involved in food handling and production. This ensures that they are aware of the best food safety practices, hygiene protocols and current regulations.<\/p>\n<\/li>\n<li><strong>Management of nonconformities<br \/>\n<\/strong>Non-conformity management involves identifying and addressing any deviations or non-compliance with food safety standards. Procedures are established to investigate and correct nonconformities, and corrective measures are implemented to prevent recurrence.<\/li>\n<li>\n<p style=\"font-weight: 400;\"><strong>Procedures and management of early warnings and withdrawal<br \/>\n<\/strong>Procedures are established for the management of early warnings and withdrawal of products in case of identifying a food safety problem. This means quickly communicating with health authorities, customers, and consumers to take the necessary action and remove the affected products from the market.<\/p>\n<\/li>\n<li>\n<p style=\"font-weight: 400;\"><strong>Continuous improvement<br \/>\n<\/strong>Continuous improvement is a key principle in food safety. Regular review of existing processes and procedures is encouraged, as well as implementation of improvements based on feedback, audit results and advances in food safety practices.<\/p>\n<\/li>\n<li>\n<p style=\"font-weight: 400;\"><strong>Control and supervision of the transport of products<br \/>\n<\/strong>Food transportation is also a critical factor in keeping it safe. Protocols must be established to guarantee that food is transported in adequate conditions of temperature, hygiene, and protection against contamination throughout the distribution process.<\/p>\n<\/li>\n<\/ul>\n[\/vc_column_text][\/vc_column_inner][\/vc_row_inner][vc_empty_space height=&#8221;52px&#8221;]<div class=\"section  section_69e8a3248db78\" data-res-css=\"     \"><div class=\"container\"><div class=\"section-heading section-heading--center\" data-aos=\"fade\"><h2 class=\"__title\">SEALS AND QUALITY  <span>CERTIFICATES<\/span><\/h2><\/div><div class=\"partners-list\"><div class=\"js-slick slick_69e8a3248db79\" data-slick='{\"slidesToShow\": 5,\"autoplay\": true,\"autoplaySpeed\": 3000,\"arrows\": false,\"dots\": false,\"pauseOnHover\": false,\"speed\": 1000,\"responsive\": [{\"breakpoint\":576,\"settings\":{\"slidesToShow\": 1}},{\"breakpoint\":767,\"settings\":{\"slidesToShow\": 3}},{\"breakpoint\":991,\"settings\":{\"slidesToShow\": 4}},{\"breakpoint\":1199,\"settings\":{\"autoplay\": false,\"dots\": false,\"slidesToShow\": 5}}]}'><div class=\"__item\"><img decoding=\"async\" src=\"https:\/\/intemabio.com\/wp-content\/uploads\/2020\/04\/CCPAE-segell-producte_RGB-e1587566505989.jpg\" class=\"img-fluid m-auto\" alt=\"Sello Consell de la producci\u00f3 agr\u00e0ria ecol\u00f3gica\"><\/div><div class=\"__item\"><img decoding=\"async\" src=\"https:\/\/intemabio.com\/wp-content\/uploads\/2020\/04\/GMP_FSA_logo_RGB1-e1586361006339.jpg\" class=\"img-fluid m-auto\" alt=\"Logo Feed Safety Assurance - GMP+\"><\/div><div class=\"__item\"><img decoding=\"async\" src=\"https:\/\/intemabio.com\/wp-content\/uploads\/2020\/04\/UE_JPG_verd_linia-e1586361028490.jpg\" class=\"img-fluid m-auto\" alt=\"logo ecol\u00f3gico Union europea\"><\/div><div class=\"__item\"><img decoding=\"async\" src=\"https:\/\/intemabio.com\/wp-content\/uploads\/2020\/04\/Bio-Siegel-e1586361042474.jpg\" class=\"img-fluid m-auto\" alt=\"Logo Bio-Siegel\"><\/div><\/div><\/div><\/div><\/div>[\/vc_column][\/vc_row][vc_row full_width=&#8221;container-stretch&#8221; css=&#8221;.vc_custom_1549793799774{padding-bottom: 124px !important;background-color: #333333 !important;}&#8221; agro_md_css=&#8221;.vc_custom_1549793799781{padding-bottom: 84px !important;}&#8221; el_class=&#8221;section section&#8211;dark-bg&#8221; agro_sm_css=&#8221;.vc_custom_1549793799783{padding-bottom: 54px !important;}&#8221;][vc_column el_class=&#8221;section-heading&#8211;white&#8221;]<div class=\"section-heading section-heading--center item_69e8a3248e0f6\" data-res-css=\"     .section-heading.item_69e8a3248e0f6 p{color: #ffffff; }\" data-aos=\"fade\"><h2 class=\"__title\">DO NOT HESITATE <span>CONTACT US<\/span><\/h2><p>Explain your case to us, we will contact you shortly.<\/p><\/div>\n<div class=\"wpcf7 no-js\" id=\"wpcf7-f1911-o1\" lang=\"en-US\" dir=\"ltr\">\n<div class=\"screen-reader-response\"><p role=\"status\" aria-live=\"polite\" aria-atomic=\"true\"><\/p> <ul><\/ul><\/div>\n<form action=\"\/en\/wp-json\/wp\/v2\/pages\/1423#wpcf7-f1911-o1\" method=\"post\" class=\"wpcf7-form init\" aria-label=\"Contact form\" novalidate=\"novalidate\" data-status=\"init\">\n<div style=\"display: none;\">\n<input type=\"hidden\" name=\"_wpcf7\" value=\"1911\" \/>\n<input type=\"hidden\" name=\"_wpcf7_version\" value=\"5.9.3\" \/>\n<input type=\"hidden\" name=\"_wpcf7_locale\" value=\"en_US\" \/>\n<input type=\"hidden\" name=\"_wpcf7_unit_tag\" value=\"wpcf7-f1911-o1\" \/>\n<input type=\"hidden\" name=\"_wpcf7_container_post\" value=\"0\" \/>\n<input type=\"hidden\" name=\"_wpcf7_posted_data_hash\" value=\"\" \/>\n<input type=\"hidden\" name=\"_wpcf7_recaptcha_response\" value=\"\" \/>\n<\/div>\n<div class=\"contact-form js-contact-form\" data-aos=\"fade\">\n\t<div class=\"row\">\n\t\t<div class=\"col-12 col-md-6\">\n\t\t\t<div class=\"input-wrp\">\n\t\t\t\t<p><span class=\"wpcf7-form-control-wrap\" data-name=\"text-219\"><input size=\"40\" class=\"wpcf7-form-control wpcf7-text wpcf7-validates-as-required textfield\" aria-required=\"true\" aria-invalid=\"false\" placeholder=\"Company\" value=\"\" type=\"text\" name=\"text-219\" \/><\/span>\n\t\t\t\t<\/p>\n\t\t\t<\/div>\n\t\t<\/div>\n\t\t<div class=\"col-12 col-md-6\">\n\t\t\t<div class=\"input-wrp\">\n\t\t\t\t<p><span class=\"wpcf7-form-control-wrap\" data-name=\"text-220\"><input size=\"40\" class=\"wpcf7-form-control wpcf7-text wpcf7-validates-as-required textfield\" aria-required=\"true\" aria-invalid=\"false\" placeholder=\"Name\" value=\"\" type=\"text\" name=\"text-220\" \/><\/span>\n\t\t\t\t<\/p>\n\t\t\t<\/div>\n\t\t<\/div>\n\t<\/div>\n\t<div class=\"row\">\n\t\t<div class=\"col-12 col-md-6\">\n\t\t\t<div class=\"input-wrp\">\n\t\t\t\t<p><span class=\"wpcf7-form-control-wrap\" data-name=\"text-787\"><input size=\"40\" class=\"wpcf7-form-control wpcf7-text wpcf7-validates-as-required textfield\" aria-required=\"true\" aria-invalid=\"false\" placeholder=\"E-mail\" value=\"\" type=\"text\" name=\"text-787\" \/><\/span>\n\t\t\t\t<\/p>\n\t\t\t<\/div>\n\t\t<\/div>\n\t\t<div class=\"col-12 col-md-6\">\n\t\t\t<div class=\"input-wrp\">\n\t\t\t\t<p><span class=\"wpcf7-form-control-wrap\" data-name=\"tel-708\"><input size=\"40\" class=\"wpcf7-form-control wpcf7-tel wpcf7-text wpcf7-validates-as-tel textfield\" aria-invalid=\"false\" placeholder=\"Phone\" value=\"\" type=\"tel\" name=\"tel-708\" \/><\/span>\n\t\t\t\t<\/p>\n\t\t\t<\/div>\n\t\t<\/div>\n\t<\/div>\n\t<div class=\"input-wrp\">\n\t\t<p><span class=\"wpcf7-form-control-wrap\" data-name=\"textarea-212\"><textarea cols=\"10\" rows=\"2\" class=\"wpcf7-form-control wpcf7-textarea wpcf7-validates-as-required textfield\" aria-required=\"true\" aria-invalid=\"false\" placeholder=\"Comments\" name=\"textarea-212\"><\/textarea><\/span>\n\t\t<\/p>\n\t<\/div>\n\t<div class=\"input-wrp\">\n\t\t<p><span class=\"wpcf7-form-control-wrap\" data-name=\"acceptance-864\"><span class=\"wpcf7-form-control wpcf7-acceptance\"><span class=\"wpcf7-list-item\"><input type=\"checkbox\" name=\"acceptance-864\" value=\"1\" aria-invalid=\"false\" \/><\/span><\/span><\/span> I have read and accept <a href=\"https:\/\/intemabio.com\/politica-de-privacidad\/\">the privacy policy<\/a>\n\t\t<\/p>\n\t<\/div>\n\t<p><input class=\"wpcf7-form-control wpcf7-submit has-spinner custom-btn custom-btn--medium custom-btn--style-3 wide\" type=\"submit\" value=\"Send\" \/>\n\t<\/p>\n<\/div><div class=\"wpcf7-response-output\" aria-hidden=\"true\"><\/div>\n<\/form>\n<\/div>\n[\/vc_column][\/vc_row]\n<\/div>","protected":false},"excerpt":{"rendered":"<p>[vc_row full_width=&#8221;container-null&#8221;][vc_column agro_disable_column=&#8221;yes&#8221;][\/vc_column][\/vc_row][vc_row full_width=&#8221;container-null&#8221;][vc_column agro_disable_column=&#8221;yes&#8221;][vc_row_inner css=&#8221;.vc_custom_1632254252768{margin-right: 15% !important;margin-left: 15% !important;}&#8221;][vc_column_inner width=&#8221;1\/2&#8243;][vc_single_image image=&#8221;1345&#8243; img_size=&#8221;full&#8221;][\/vc_column_inner][vc_column_inner width=&#8221;1\/2&#8243;][vc_column_text] We also have the GMP+FSA certification, highly valued internationally in the feed sector, a very demanding quality and food safety system, based on complete risk analyses (HACCP), in which food safety is ensured throughout the supply chain. We base our food&#8230;<\/p>\n","protected":false},"author":1,"featured_media":0,"parent":0,"menu_order":0,"comment_status":"closed","ping_status":"closed","template":"custom-page.php","meta":{"_joinchat":[],"footnotes":""},"yoast_head":"<!-- This site is optimized with the Yoast SEO plugin v22.5 - https:\/\/yoast.com\/wordpress\/plugins\/seo\/ -->\n<title>Quality Certificates - Intemabio<\/title>\n<meta name=\"description\" content=\"At Intemabio we have several certifications that make us constantly evolve to have the highest quality.\" \/>\n<meta name=\"robots\" content=\"index, follow, max-snippet:-1, max-image-preview:large, max-video-preview:-1\" \/>\n<link rel=\"canonical\" href=\"https:\/\/intemabio.com\/en\/quality\/\" \/>\n<meta property=\"og:locale\" content=\"en_US\" \/>\n<meta property=\"og:type\" content=\"article\" \/>\n<meta property=\"og:title\" content=\"Quality Certificates - Intemabio\" \/>\n<meta property=\"og:description\" content=\"At Intemabio we have several certifications that make us constantly evolve to have the highest quality.\" \/>\n<meta property=\"og:url\" content=\"https:\/\/intemabio.com\/en\/quality\/\" \/>\n<meta property=\"og:site_name\" content=\"Intemabio\" \/>\n<meta property=\"article:publisher\" content=\"https:\/\/www.facebook.com\/Intema.Bio\/\" \/>\n<meta property=\"article:modified_time\" content=\"2023-08-10T08:35:25+00:00\" \/>\n<meta name=\"twitter:card\" content=\"summary_large_image\" \/>\n<meta name=\"twitter:label1\" content=\"Est. reading time\" \/>\n\t<meta name=\"twitter:data1\" content=\"4 minutes\" \/>\n<script type=\"application\/ld+json\" class=\"yoast-schema-graph\">{\"@context\":\"https:\/\/schema.org\",\"@graph\":[{\"@type\":\"WebPage\",\"@id\":\"https:\/\/intemabio.com\/en\/quality\/\",\"url\":\"https:\/\/intemabio.com\/en\/quality\/\",\"name\":\"Quality Certificates - Intemabio\",\"isPartOf\":{\"@id\":\"https:\/\/intemabio.com\/en\/#website\"},\"datePublished\":\"2021-11-12T13:15:40+00:00\",\"dateModified\":\"2023-08-10T08:35:25+00:00\",\"description\":\"At Intemabio we have several certifications that make us constantly evolve to have the highest quality.\",\"breadcrumb\":{\"@id\":\"https:\/\/intemabio.com\/en\/quality\/#breadcrumb\"},\"inLanguage\":\"en-US\",\"potentialAction\":[{\"@type\":\"ReadAction\",\"target\":[\"https:\/\/intemabio.com\/en\/quality\/\"]}]},{\"@type\":\"BreadcrumbList\",\"@id\":\"https:\/\/intemabio.com\/en\/quality\/#breadcrumb\",\"itemListElement\":[{\"@type\":\"ListItem\",\"position\":1,\"name\":\"Portada\",\"item\":\"https:\/\/intemabio.com\/en\/\"},{\"@type\":\"ListItem\",\"position\":2,\"name\":\"Quality Certificates\"}]},{\"@type\":\"WebSite\",\"@id\":\"https:\/\/intemabio.com\/en\/#website\",\"url\":\"https:\/\/intemabio.com\/en\/\",\"name\":\"Intemabio\",\"description\":\"Organic Products - The selection of the best organic raw materials for your company.\",\"publisher\":{\"@id\":\"https:\/\/intemabio.com\/en\/#organization\"},\"potentialAction\":[{\"@type\":\"SearchAction\",\"target\":{\"@type\":\"EntryPoint\",\"urlTemplate\":\"https:\/\/intemabio.com\/en\/?s={search_term_string}\"},\"query-input\":\"required name=search_term_string\"}],\"inLanguage\":\"en-US\"},{\"@type\":\"Organization\",\"@id\":\"https:\/\/intemabio.com\/en\/#organization\",\"name\":\"Intemabio\",\"url\":\"https:\/\/intemabio.com\/en\/\",\"logo\":{\"@type\":\"ImageObject\",\"inLanguage\":\"en-US\",\"@id\":\"https:\/\/intemabio.com\/en\/#\/schema\/logo\/image\/\",\"url\":\"https:\/\/intemabio.com\/wp-content\/uploads\/2021\/09\/intema-logo2.png\",\"contentUrl\":\"https:\/\/intemabio.com\/wp-content\/uploads\/2021\/09\/intema-logo2.png\",\"width\":300,\"height\":327,\"caption\":\"Intemabio\"},\"image\":{\"@id\":\"https:\/\/intemabio.com\/en\/#\/schema\/logo\/image\/\"},\"sameAs\":[\"https:\/\/www.facebook.com\/Intema.Bio\/\",\"https:\/\/es.linkedin.com\/in\/intemabio-intemabio-03678250\"]}]}<\/script>\n<!-- \/ Yoast SEO plugin. -->","yoast_head_json":{"title":"Quality Certificates - Intemabio","description":"At Intemabio we have several certifications that make us constantly evolve to have the highest quality.","robots":{"index":"index","follow":"follow","max-snippet":"max-snippet:-1","max-image-preview":"max-image-preview:large","max-video-preview":"max-video-preview:-1"},"canonical":"https:\/\/intemabio.com\/en\/quality\/","og_locale":"en_US","og_type":"article","og_title":"Quality Certificates - Intemabio","og_description":"At Intemabio we have several certifications that make us constantly evolve to have the highest quality.","og_url":"https:\/\/intemabio.com\/en\/quality\/","og_site_name":"Intemabio","article_publisher":"https:\/\/www.facebook.com\/Intema.Bio\/","article_modified_time":"2023-08-10T08:35:25+00:00","twitter_card":"summary_large_image","twitter_misc":{"Est. reading time":"4 minutes"},"schema":{"@context":"https:\/\/schema.org","@graph":[{"@type":"WebPage","@id":"https:\/\/intemabio.com\/en\/quality\/","url":"https:\/\/intemabio.com\/en\/quality\/","name":"Quality Certificates - Intemabio","isPartOf":{"@id":"https:\/\/intemabio.com\/en\/#website"},"datePublished":"2021-11-12T13:15:40+00:00","dateModified":"2023-08-10T08:35:25+00:00","description":"At Intemabio we have several certifications that make us constantly evolve to have the highest quality.","breadcrumb":{"@id":"https:\/\/intemabio.com\/en\/quality\/#breadcrumb"},"inLanguage":"en-US","potentialAction":[{"@type":"ReadAction","target":["https:\/\/intemabio.com\/en\/quality\/"]}]},{"@type":"BreadcrumbList","@id":"https:\/\/intemabio.com\/en\/quality\/#breadcrumb","itemListElement":[{"@type":"ListItem","position":1,"name":"Portada","item":"https:\/\/intemabio.com\/en\/"},{"@type":"ListItem","position":2,"name":"Quality Certificates"}]},{"@type":"WebSite","@id":"https:\/\/intemabio.com\/en\/#website","url":"https:\/\/intemabio.com\/en\/","name":"Intemabio","description":"Organic Products - The selection of the best organic raw materials for your company.","publisher":{"@id":"https:\/\/intemabio.com\/en\/#organization"},"potentialAction":[{"@type":"SearchAction","target":{"@type":"EntryPoint","urlTemplate":"https:\/\/intemabio.com\/en\/?s={search_term_string}"},"query-input":"required name=search_term_string"}],"inLanguage":"en-US"},{"@type":"Organization","@id":"https:\/\/intemabio.com\/en\/#organization","name":"Intemabio","url":"https:\/\/intemabio.com\/en\/","logo":{"@type":"ImageObject","inLanguage":"en-US","@id":"https:\/\/intemabio.com\/en\/#\/schema\/logo\/image\/","url":"https:\/\/intemabio.com\/wp-content\/uploads\/2021\/09\/intema-logo2.png","contentUrl":"https:\/\/intemabio.com\/wp-content\/uploads\/2021\/09\/intema-logo2.png","width":300,"height":327,"caption":"Intemabio"},"image":{"@id":"https:\/\/intemabio.com\/en\/#\/schema\/logo\/image\/"},"sameAs":["https:\/\/www.facebook.com\/Intema.Bio\/","https:\/\/es.linkedin.com\/in\/intemabio-intemabio-03678250"]}]}},"_links":{"self":[{"href":"https:\/\/intemabio.com\/en\/wp-json\/wp\/v2\/pages\/1423"}],"collection":[{"href":"https:\/\/intemabio.com\/en\/wp-json\/wp\/v2\/pages"}],"about":[{"href":"https:\/\/intemabio.com\/en\/wp-json\/wp\/v2\/types\/page"}],"author":[{"embeddable":true,"href":"https:\/\/intemabio.com\/en\/wp-json\/wp\/v2\/users\/1"}],"replies":[{"embeddable":true,"href":"https:\/\/intemabio.com\/en\/wp-json\/wp\/v2\/comments?post=1423"}],"version-history":[{"count":18,"href":"https:\/\/intemabio.com\/en\/wp-json\/wp\/v2\/pages\/1423\/revisions"}],"predecessor-version":[{"id":2230,"href":"https:\/\/intemabio.com\/en\/wp-json\/wp\/v2\/pages\/1423\/revisions\/2230"}],"wp:attachment":[{"href":"https:\/\/intemabio.com\/en\/wp-json\/wp\/v2\/media?parent=1423"}],"curies":[{"name":"wp","href":"https:\/\/api.w.org\/{rel}","templated":true}]}}